{"id":1333,"date":"2018-11-08T15:27:46","date_gmt":"2018-11-08T15:27:46","guid":{"rendered":"http:\/\/blog.griechische-filmtage-nbg.de\/?page_id=1333"},"modified":"2024-11-17T23:24:15","modified_gmt":"2024-11-17T23:24:15","slug":"rahmenprogramm","status":"publish","type":"page","link":"https:\/\/griechische-filmtage-nbg.de\/?page_id=1333","title":{"rendered":"RAHMENPROGRAMM"},"content":{"rendered":"<p>[et_pb_section bb_built=&#8220;1&#8243; _builder_version=&#8220;3.0.98&#8243; custom_padding=&#8220;||0px|&#8220;][et_pb_row _builder_version=&#8220;3.0.98&#8243; background_size=&#8220;initial&#8220; background_position=&#8220;top_left&#8220; background_repeat=&#8220;repeat&#8220;][et_pb_column type=&#8220;4_4&#8243;][et_pb_text _builder_version=&#8220;3.0.98&#8243; background_layout=&#8220;light&#8220;]<\/p>\n<h2><span style=\"color: #ff0000;\">Filmtage Lounge<\/span><\/h2>\n<p>[\/et_pb_text][\/et_pb_column][\/et_pb_row][et_pb_row _builder_version=&#8220;3.0.47&#8243; background_size=&#8220;initial&#8220; background_position=&#8220;top_left&#8220; background_repeat=&#8220;repeat&#8220;][et_pb_column type=&#8220;4_4&#8243;][et_pb_text _builder_version=&#8220;3.0.98&#8243; background_color=&#8220;rgba(255,255,255,0.51)&#8220; background_layout=&#8220;light&#8220;]<\/p>\n<p>In der speziell f\u00fcr die Griechischen Filmtage eingerichteten Lounge im Glasbau &#8211; Deck 1, k\u00f6nnen sie, vor oder nach einer Filmvorf\u00fchrung, entspannen, Gespr\u00e4che f\u00fchren oder einfach ihr Getr\u00e4nk genie\u00dfen.<br \/>\nTeilweise auch unter musikalischer Begleitung.<\/p>\n<h3>Lounge: 20 &#8211; 24 November 2024<\/h3>\n<p>Lounge Musik:<br \/>\nDonnerstag 21.11, Samstag 23.11 und Sonntag 24.11.2024<br \/>\nAb 20:30 Uhr<br \/>\nAm Piano: Konstantina Zachari, Sofia Skorda<\/p>\n<p>[\/et_pb_text][\/et_pb_column][\/et_pb_row][\/et_pb_section][et_pb_section bb_built=&#8220;1&#8243; background_color=&#8220;#757575&#8243; _builder_version=&#8220;3.0.98&#8243; background_image=&#8220;https:\/\/griechische-filmtage-nbg.de\/wp-content\/uploads\/2024\/10\/bro-filmhaus.jpg&#8220; parallax=&#8220;on&#8220; parallax_method=&#8220;off&#8220; custom_padding=&#8220;150px|150px|443px|150px&#8220;][et_pb_row _builder_version=&#8220;3.0.98&#8243;][et_pb_column type=&#8220;4_4&#8243;][\/et_pb_column][\/et_pb_row][\/et_pb_section][et_pb_section bb_built=&#8220;1&#8243; _builder_version=&#8220;3.0.98&#8243; custom_padding=&#8220;||0px|&#8220;][et_pb_row _builder_version=&#8220;3.0.98&#8243; background_size=&#8220;initial&#8220; background_position=&#8220;top_left&#8220; background_repeat=&#8220;repeat&#8220;][et_pb_column type=&#8220;4_4&#8243;][et_pb_text admin_label=&#8220;KARAOKE ABEND&#8220; _builder_version=&#8220;3.0.98&#8243; background_layout=&#8220;light&#8220;]<\/p>\n<h2><span style=\"color: #ff0000;\">KARAOKE ABEND<\/span><\/h2>\n<p>[\/et_pb_text][\/et_pb_column][\/et_pb_row][et_pb_row _builder_version=&#8220;3.0.47&#8243; background_size=&#8220;initial&#8220; background_position=&#8220;top_left&#8220; background_repeat=&#8220;repeat&#8220;][et_pb_column type=&#8220;4_4&#8243;][et_pb_text _builder_version=&#8220;3.0.98&#8243; background_color=&#8220;rgba(255,255,255,0.51)&#8220; background_layout=&#8220;light&#8220;]<\/p>\n<p>Griechischer Film ist eng mit griechischer Musik verwoben. Lieder, die eigens f\u00fcr Filme komponiert wurden, brannten sich ins kollektive Ged\u00e4chtnis ein und sind heute noch bei Griechinnen und Griechen sehr beliebt. F\u00fcr alle, die Musik lieben, singen k\u00f6nnen oder auch nicht!<br \/>\nGlasbau Deck 2<\/p>\n<h5>Samstag, 23.11.2024, ab 22:00 Uhr<\/h5>\n<h5>Eintritt frei<\/h5>\n<p>[\/et_pb_text][\/et_pb_column][\/et_pb_row][\/et_pb_section][et_pb_section bb_built=&#8220;1&#8243; _builder_version=&#8220;3.0.98&#8243; parallax=&#8220;on&#8220; parallax_method=&#8220;off&#8220; custom_padding_last_edited=&#8220;off|&#8220;][et_pb_row _builder_version=&#8220;3.0.98&#8243;][et_pb_column type=&#8220;1_3&#8243;][et_pb_image src=&#8220;https:\/\/griechische-filmtage-nbg.de\/wp-content\/uploads\/2024\/10\/bro-rahmenprogr-1-r-g-b.jpg&#8220; _builder_version=&#8220;3.0.98&#8243; show_in_lightbox=&#8220;off&#8220; url_new_window=&#8220;off&#8220; use_overlay=&#8220;off&#8220; always_center_on_mobile=&#8220;on&#8220; force_fullwidth=&#8220;off&#8220; show_bottom_space=&#8220;on&#8220;]<\/p>\n<p>&nbsp;<\/p>\n<p>[\/et_pb_image][\/et_pb_column][et_pb_column type=&#8220;2_3&#8243;][et_pb_text admin_label=&#8220;Pantelis THALASSINOS&#8220; _builder_version=&#8220;3.0.98&#8243; background_layout=&#8220;light&#8220;]<\/p>\n<h3><span style=\"color: #ff0000;\">Konzert am Freitag<\/span><br \/>\n<span style=\"color: #ff0000;\">Freitag, 22. November 2024, 20:00 Uhr, Festsaal im K\u00fcnstlerhaus <\/span><br \/>\n<span style=\"color: #ff0000;\"><strong>Pantelis THALASSINOS, Yorgos KAZANTZIS, Nikos MERMIGKAS<\/strong><\/span><\/h3>\n<p>Eine der bekanntesten Stimmen der griechischen Musikszene und einer der bedeutendsten zeitgen\u00f6ssischen Komponisten Griechenlands vereinigen sich f\u00fcr ein einzigartiges Konzert. Pantelis Thalassinos und Yorgos Kazantzis \u2013 ihre Musik verbindet Motive der griechischen Volksmusik mit einem zeitgen\u00f6ssischen Klang. Das Duo begleitet Nikos Mermigkas, Meister der Saiteninstrumente. Ein einzigartiges Konzert voller griechischer Musik erwartet uns.<br \/>\nMitwirkende: Nantina Kyriazi, Konstantina Zachari, Christina Skarlatou, Maria Gartzopoulou und der Kinderchor MELODIA N\u00fcrnberg<\/p>\n<p>Festsaal im K\u00fcnstlerhaus<br \/>\nRegul\u00e4r: 40 \u20ac, Erm\u00e4\u00dfigt: 35 \u20ac<\/p>\n<p><strong>Vorverkauf Konzert nur online<\/strong><\/p>\n<p><img decoding=\"async\" loading=\"lazy\" class=\"alignnone wp-image-1607\" src=\"https:\/\/griechische-filmtage-nbg.de\/wp-content\/uploads\/2024\/10\/bro-rahmenprogr-QR-r-gb-300x300.jpg\" alt=\"\" width=\"175\" height=\"184\" \/><br \/>\nAbendkasse: 1 Stunde<br \/>\nvor Konzertbeginn<\/p>\n<p>[\/et_pb_text][\/et_pb_column][\/et_pb_row][et_pb_row _builder_version=&#8220;3.0.98&#8243;][et_pb_column type=&#8220;1_3&#8243;][et_pb_image src=&#8220;https:\/\/griechische-filmtage-nbg.de\/wp-content\/uploads\/2024\/10\/bro-rahmenprogr-3-r-g-b.jpg&#8220; _builder_version=&#8220;3.0.98&#8243; show_in_lightbox=&#8220;off&#8220; url_new_window=&#8220;off&#8220; use_overlay=&#8220;off&#8220; always_center_on_mobile=&#8220;on&#8220; force_fullwidth=&#8220;off&#8220; show_bottom_space=&#8220;on&#8220;]<\/p>\n<p>&nbsp;<\/p>\n<p>[\/et_pb_image][\/et_pb_column][et_pb_column type=&#8220;2_3&#8243;][et_pb_text _builder_version=&#8220;3.0.98&#8243; background_layout=&#8220;light&#8220;]<\/p>\n<h3><span style=\"color: #ff0000;\">Literaturlesung<br \/>\n<strong>\u201eDie M\u00f6rderin\u201c (\u0397 \u03a6\u03cc\u03bd\u03b9\u03c3\u03c3\u03b1) von Alexandros Papadiamantis<\/strong><br \/>\nSamstag, 23.11.2024, 19:00 Uhr, Glasbau Deck 2<br \/>\nMit Areti Vasiliou und Georgios Bikas<br \/>\nKlavier: Konstantina Zachari, Sofia Skorda<\/span><\/h3>\n<p>Aus Anlass der Filmvorf\u00fchrung \u201eM\u00f6rderin\u201c am Samstag, den 23. November 2024, um 20:00 Uhr im Festsaal, haben die interessierten Zuschauer die M\u00f6glichkeit einen Einblick in den original Text (1903) zu bekommen, der als Romanvorlage f\u00fcr den Film diente.<br \/>\nMitglieder des Kunstclubs lesen in griechischer und deutscher Sprache mit musikalischer Begleitung. Alexandros Papadiamantis gilt heute als einer der bedeutendsten Schriftsteller, wenn nicht als\u00a0der\u00a0bedeutendste Erz\u00e4hler, neugriechischer Literatur, was vor allem an seiner unschuldigen, unverf\u00e4lschten Art zu schreiben liegt; seine Erz\u00e4hlungen sind durchdrungen von Sensibilit\u00e4t und Authentizit\u00e4t bei der Schilderung von Menschen und der mediterranen Welt, in der diese leben. Sein Roman \u00abDie M\u00f6rderin\u00bb ist \u00abEine sozialkritische und psychologische Erz\u00e4hlung, in der Alexandros Papadiamantis die kleine Insel Skiathos zum Mikrokosmos f\u00fcr den gro\u00dfen ethischen Themenkomplex von Individuum und Gesellschaft sowie Schuld und S\u00fchne werden l\u00e4sst. Ein literarisches Meisterst\u00fcck.\u00bb (Thomas Plaul, Lesart)<\/p>\n<p><strong>Eintritt frei<\/strong><\/p>\n<p>[\/et_pb_text][\/et_pb_column][\/et_pb_row][et_pb_row _builder_version=&#8220;3.0.98&#8243;][et_pb_column type=&#8220;1_3&#8243;][et_pb_image src=&#8220;https:\/\/griechische-filmtage-nbg.de\/wp-content\/uploads\/2024\/11\/blackBox.jpg&#8220; _builder_version=&#8220;3.0.98&#8243; show_in_lightbox=&#8220;off&#8220; url_new_window=&#8220;off&#8220; use_overlay=&#8220;off&#8220; always_center_on_mobile=&#8220;on&#8220; force_fullwidth=&#8220;off&#8220; show_bottom_space=&#8220;on&#8220;]<\/p>\n<p>&nbsp;<\/p>\n<p>[\/et_pb_image][\/et_pb_column][et_pb_column type=&#8220;2_3&#8243;][et_pb_text _builder_version=&#8220;3.0.98&#8243; background_layout=&#8220;light&#8220;]<\/p>\n<h3><span style=\"color: #ff0000;\">BLACK BOX POEM:<br \/>\nPause bei den Griechischen Filmtagen Nu\u0308rnberg 2024<\/span><\/h3>\n<p>Im Rahmen der Griechischen Filmtage Nu\u0308rnberg 2024 erwartet die Besucher ein besonderes k\u00fcnstlerisches Erlebnis, das Black Box Poem. In einem eigens daf\u00fcr geschaffenen, dunklen Raum k\u00f6nnen sich die Zuschauer zur\u00fcckziehen und das Videopoem Pause erleben. Es basiert auf dem gleichnamigen Gedicht der griechischen Dichterin Anastasia Gkitsi, das 2016 erstmals in gedruckter Form vorgestellt wurde.<br \/>\nDas Gedicht und die dazugeh\u00f6rige Videoproduktion erkunden die ununterbrochene Verbindung zwischen Zeit und Pause, wobei diese beiden Zust\u00e4nde in einer sich abwechselnden Reihenfolge dargestellt werden.<br \/>\nDer Videoartist Janni Kolotouros visualisiert im Film die verschiedenen Versionen dieser Beziehung durch eine Kombination aus visuellen, musikalischen und sprachlichen Elementen, ohne dabei den konzeptuellen Rahmen zu verlieren.<br \/>\nDie Originalmusik wurde von Ilias Chadjoglou komponiert und begleitet die tiefgreifende ku\u0308nstlerische Auseinandersetzung.<br \/>\nDas Videopoem Pause l\u00e4dt das Publikum dazu ein, in einen Raum der Reflexion und Stille einzutauchen, wo die Grenze zwischen Zeit und Pause poetisch hinterfragt und neu definiert wird.<\/p>\n<p>Glasbau Deck 2, 20. &#8211; 24.11.2024<\/p>\n<p><strong>Eintritt frei<\/strong><\/p>\n<p>[\/et_pb_text][\/et_pb_column][\/et_pb_row][et_pb_row _builder_version=&#8220;3.0.98&#8243;][et_pb_column type=&#8220;1_3&#8243;][\/et_pb_column][et_pb_column type=&#8220;1_3&#8243;][\/et_pb_column][et_pb_column type=&#8220;1_3&#8243;][\/et_pb_column][\/et_pb_row][\/et_pb_section]<\/p>\n","protected":false},"excerpt":{"rendered":"<p>[et_pb_section bb_built=&#8220;1&#8243; _builder_version=&#8220;3.0.98&#8243; custom_padding=&#8220;||0px|&#8220;][et_pb_row _builder_version=&#8220;3.0.98&#8243; background_size=&#8220;initial&#8220; background_position=&#8220;top_left&#8220; background_repeat=&#8220;repeat&#8220;][et_pb_column type=&#8220;4_4&#8243;][et_pb_text _builder_version=&#8220;3.0.98&#8243; background_layout=&#8220;light&#8220;] Filmtage Lounge [\/et_pb_text][\/et_pb_column][\/et_pb_row][et_pb_row _builder_version=&#8220;3.0.47&#8243; background_size=&#8220;initial&#8220; background_position=&#8220;top_left&#8220; background_repeat=&#8220;repeat&#8220;][et_pb_column type=&#8220;4_4&#8243;][et_pb_text _builder_version=&#8220;3.0.98&#8243; background_color=&#8220;rgba(255,255,255,0.51)&#8220; background_layout=&#8220;light&#8220;] In der speziell f\u00fcr die Griechischen Filmtage eingerichteten Lounge im Glasbau &#8211; Deck 1, k\u00f6nnen sie, vor oder nach einer Filmvorf\u00fchrung, entspannen, Gespr\u00e4che f\u00fchren oder einfach ihr Getr\u00e4nk genie\u00dfen. Teilweise auch unter musikalischer [&hellip;]<\/p>\n","protected":false},"author":1,"featured_media":0,"parent":0,"menu_order":0,"comment_status":"closed","ping_status":"closed","template":"","meta":[],"_links":{"self":[{"href":"https:\/\/griechische-filmtage-nbg.de\/index.php?rest_route=\/wp\/v2\/pages\/1333"}],"collection":[{"href":"https:\/\/griechische-filmtage-nbg.de\/index.php?rest_route=\/wp\/v2\/pages"}],"about":[{"href":"https:\/\/griechische-filmtage-nbg.de\/index.php?rest_route=\/wp\/v2\/types\/page"}],"author":[{"embeddable":true,"href":"https:\/\/griechische-filmtage-nbg.de\/index.php?rest_route=\/wp\/v2\/users\/1"}],"replies":[{"embeddable":true,"href":"https:\/\/griechische-filmtage-nbg.de\/index.php?rest_route=%2Fwp%2Fv2%2Fcomments&post=1333"}],"version-history":[{"count":55,"href":"https:\/\/griechische-filmtage-nbg.de\/index.php?rest_route=\/wp\/v2\/pages\/1333\/revisions"}],"predecessor-version":[{"id":1644,"href":"https:\/\/griechische-filmtage-nbg.de\/index.php?rest_route=\/wp\/v2\/pages\/1333\/revisions\/1644"}],"wp:attachment":[{"href":"https:\/\/griechische-filmtage-nbg.de\/index.php?rest_route=%2Fwp%2Fv2%2Fmedia&parent=1333"}],"curies":[{"name":"wp","href":"https:\/\/api.w.org\/{rel}","templated":true}]}}