{"id":1302,"date":"2018-11-08T13:55:20","date_gmt":"2018-11-08T13:55:20","guid":{"rendered":"http:\/\/blog.griechische-filmtage-nbg.de\/?page_id=1302"},"modified":"2024-11-07T22:01:52","modified_gmt":"2024-11-07T22:01:52","slug":"info","status":"publish","type":"page","link":"https:\/\/griechische-filmtage-nbg.de\/?page_id=1302","title":{"rendered":"INFO"},"content":{"rendered":"<p>[et_pb_section fb_built=&#8220;1&#8243; _builder_version=&#8220;3.0.47&#8243;][et_pb_row _builder_version=&#8220;3.0.98&#8243;][et_pb_column type=&#8220;1_2&#8243; _builder_version=&#8220;3.0.47&#8243; parallax=&#8220;off&#8220; parallax_method=&#8220;on&#8220;][et_pb_text _builder_version=&#8220;3.0.98&#8243;]<\/p>\n<p><strong><span style=\"text-decoration: underline;\">KINOPREISE<\/span><\/strong>:<\/p>\n<p><strong>10,00 \u20ac<\/strong> Normal<\/p>\n<p><strong>8,00 \u20ac<\/strong> Erm\u00e4\u00dfigt<em><br \/> (Sch\u00fcler:innen, Student:innen, Rentner:innen, Menschen mit Arbeitslosenbescheid bzw. Schwerbehinderten-Ausweis oder N\u00fcrnberg-Pass)<\/em><\/p>\n<p><strong>Programm im Filmhaus <\/strong><strong>vom 08.11.2024<\/strong><\/p>\n<p>&nbsp;<\/p>\n<p>&nbsp;<\/p>\n<p>[\/et_pb_text][\/et_pb_column][et_pb_column type=&#8220;1_4&#8243; _builder_version=&#8220;3.0.47&#8243; parallax=&#8220;off&#8220; parallax_method=&#8220;on&#8220;][et_pb_text _builder_version=&#8220;3.0.98&#8243;]<\/p>\n<hr \/>\n<p><strong><span style=\"color: #666699;\">Veranstalter:<br \/>\n<\/span><\/strong><\/p>\n<hr \/>\n<p><strong><span style=\"color: #666699;\"><br \/>\n<\/span><br \/>\n<img decoding=\"async\" loading=\"lazy\" class=\"alignnone size-medium wp-image-1305\" src=\"https:\/\/griechische-filmtage-nbg.de\/wp-content\/uploads\/2018\/11\/logos2-300x96.png\" alt=\"\" width=\"300\" height=\"96\" \/><\/strong><\/p>\n<p><strong>Griechischer Kunstclub N\u00fcrnberg e.V.<br \/>\n<\/strong>Montessoristr. 64, 90471 N\u00fcrnberg<strong><br \/>\n<a href=\"https:\/\/www.griechischerkunstclub.com\">www.griechischerkunstclub.com<\/a><\/strong><br \/>\n[\/et_pb_text][\/et_pb_column][et_pb_column type=&#8220;1_4&#8243; _builder_version=&#8220;3.0.47&#8243; parallax=&#8220;off&#8220; parallax_method=&#8220;on&#8220;][et_pb_text _builder_version=&#8220;3.0.98&#8243;]<\/p>\n<hr \/>\n<p><strong><span style=\"color: #666699;\">Gef\u00f6rdert durc<\/span><span style=\"color: #666699;\">h:<br \/>\n<\/span><\/strong><\/p>\n<hr \/>\n<p><strong><span style=\"color: #666699;\"><br \/>\n<\/span><br \/>\n<img decoding=\"async\" loading=\"lazy\" class=\"wp-image-1427 alignnone size-full\" src=\"https:\/\/griechische-filmtage-nbg.de\/wp-content\/uploads\/2021\/11\/logoPoli.jpg\" alt=\"\" width=\"142\" height=\"89\" \/><br \/>\nvon Kulturreferat<br \/>\nund Amt f\u00fcr Kultur und Freizeit<br \/>\nder Stadt N\u00fcrnberg<br \/>\n<\/strong><br \/>\n[\/et_pb_text][\/et_pb_column][\/et_pb_row][et_pb_row background_color=&#8220;#f4f4f4&#8243; _builder_version=&#8220;3.0.98&#8243;][et_pb_column type=&#8220;1_2&#8243; _builder_version=&#8220;3.0.47&#8243; parallax=&#8220;off&#8220; parallax_method=&#8220;on&#8220;][et_pb_text _builder_version=&#8220;3.0.98&#8243;]<\/p>\n<p><strong>Das Team der 8. Griechischen Filmtage<\/strong><br \/> <strong>Leitung:<\/strong> Dr. Elene Psoma<br \/> <strong>Redaktion:<\/strong><br \/> Dr. Elena Psoma, Dr. Efthimis Papachristos<br \/> Dr. Matthias Strobel, Grigoris Nikiforidis<br \/> <strong style=\"font-size: 13px;\">Team:<br \/> <\/strong>Dr. Vasileios Mertsiotakis, Efstratios Papadellis, Niki Mertsiotaki, Angelika Woitzik, Paraskevi Tsompanidou, Konstantina Gaki, Alexandros Zantikopoulos,<br \/> Dr. Paschalina Skamnioti, Vasiliki Veloula<br \/> <strong>Filmtrailer:<\/strong> Janni Kolotouros<br \/> <strong>Grafik:<\/strong> Ioannis Hrissopoulidis, <a href=\"https:\/\/icon3.de\/\">www.icon3.de<\/a><\/p>\n<p><strong>F\u00fcr Ihre Unterst\u00fctzung bedanken wir uns ganz herzlich<\/strong><br \/> bei KUF, Filmhaus, KunstKulturquartier und Stadt N\u00fcrnberg<\/p>\n<p>[\/et_pb_text][\/et_pb_column][et_pb_column type=&#8220;1_2&#8243; _builder_version=&#8220;3.0.47&#8243; parallax=&#8220;off&#8220; parallax_method=&#8220;on&#8220;][et_pb_text _builder_version=&#8220;3.0.98&#8243;]<\/p>\n<hr \/>\n<p><strong><span style=\"color: #666699;\">\u00a0<\/span><\/strong><\/p>\n<hr \/>\n<p>[\/et_pb_text][\/et_pb_column][\/et_pb_row][\/et_pb_section]<\/p>\n","protected":false},"excerpt":{"rendered":"<p>[et_pb_section fb_built=&#8220;1&#8243; _builder_version=&#8220;3.0.47&#8243;][et_pb_row _builder_version=&#8220;3.0.98&#8243;][et_pb_column type=&#8220;1_2&#8243; _builder_version=&#8220;3.0.47&#8243; parallax=&#8220;off&#8220; parallax_method=&#8220;on&#8220;][et_pb_text _builder_version=&#8220;3.0.98&#8243;] KINOPREISE: 10,00 \u20ac Normal 8,00 \u20ac Erm\u00e4\u00dfigt (Sch\u00fcler:innen, Student:innen, Rentner:innen, Menschen mit Arbeitslosenbescheid bzw. Schwerbehinderten-Ausweis oder N\u00fcrnberg-Pass) Programm im Filmhaus vom 08.11.2024 &nbsp; &nbsp; [\/et_pb_text][\/et_pb_column][et_pb_column type=&#8220;1_4&#8243; _builder_version=&#8220;3.0.47&#8243; parallax=&#8220;off&#8220; parallax_method=&#8220;on&#8220;][et_pb_text _builder_version=&#8220;3.0.98&#8243;] Veranstalter: Griechischer Kunstclub N\u00fcrnberg e.V. Montessoristr. 64, 90471 N\u00fcrnberg www.griechischerkunstclub.com [\/et_pb_text][\/et_pb_column][et_pb_column type=&#8220;1_4&#8243; _builder_version=&#8220;3.0.47&#8243; parallax=&#8220;off&#8220; parallax_method=&#8220;on&#8220;][et_pb_text _builder_version=&#8220;3.0.98&#8243;] [&hellip;]<\/p>\n","protected":false},"author":1,"featured_media":0,"parent":0,"menu_order":0,"comment_status":"closed","ping_status":"closed","template":"","meta":[],"_links":{"self":[{"href":"https:\/\/griechische-filmtage-nbg.de\/index.php?rest_route=\/wp\/v2\/pages\/1302"}],"collection":[{"href":"https:\/\/griechische-filmtage-nbg.de\/index.php?rest_route=\/wp\/v2\/pages"}],"about":[{"href":"https:\/\/griechische-filmtage-nbg.de\/index.php?rest_route=\/wp\/v2\/types\/page"}],"author":[{"embeddable":true,"href":"https:\/\/griechische-filmtage-nbg.de\/index.php?rest_route=\/wp\/v2\/users\/1"}],"replies":[{"embeddable":true,"href":"https:\/\/griechische-filmtage-nbg.de\/index.php?rest_route=%2Fwp%2Fv2%2Fcomments&post=1302"}],"version-history":[{"count":34,"href":"https:\/\/griechische-filmtage-nbg.de\/index.php?rest_route=\/wp\/v2\/pages\/1302\/revisions"}],"predecessor-version":[{"id":1633,"href":"https:\/\/griechische-filmtage-nbg.de\/index.php?rest_route=\/wp\/v2\/pages\/1302\/revisions\/1633"}],"wp:attachment":[{"href":"https:\/\/griechische-filmtage-nbg.de\/index.php?rest_route=%2Fwp%2Fv2%2Fmedia&parent=1302"}],"curies":[{"name":"wp","href":"https:\/\/api.w.org\/{rel}","templated":true}]}}